{"id":3,"date":"2021-07-25T18:10:55","date_gmt":"2021-07-25T23:10:55","guid":{"rendered":"http:\/\/colomosprovidencia.org.mx\/?page_id=3"},"modified":"2021-07-28T18:59:35","modified_gmt":"2021-07-28T23:59:35","slug":"politica-privacidad","status":"publish","type":"page","link":"https:\/\/colomosprovidencia.org.mx\/?page_id=3","title":{"rendered":"Pol\u00edtica de privacidad"},"content":{"rendered":"\t\t<div data-elementor-type=\"wp-page\" data-elementor-id=\"3\" class=\"elementor elementor-3\" data-elementor-settings=\"[]\">\n\t\t\t\t\t\t\t<div class=\"elementor-section-wrap\">\n\t\t\t\t\t\t\t<section class=\"elementor-section elementor-top-section elementor-element elementor-element-4b1d226 elementor-section-boxed elementor-section-height-default elementor-section-height-default\" data-id=\"4b1d226\" data-element_type=\"section\">\n\t\t\t\t\t\t<div class=\"elementor-container elementor-column-gap-default\">\n\t\t\t\t\t<div class=\"elementor-column elementor-col-100 elementor-top-column elementor-element elementor-element-3d09b60b\" data-id=\"3d09b60b\" data-element_type=\"column\">\n\t\t\t<div class=\"elementor-widget-wrap elementor-element-populated\">\n\t\t\t\t\t\t\t\t<div class=\"elementor-element elementor-element-2a4085be elementor-widget elementor-widget-text-editor\" data-id=\"2a4085be\" data-element_type=\"widget\" data-widget_type=\"text-editor.default\">\n\t\t\t\t<div class=\"elementor-widget-container\">\n\t\t\t\t\t\t\t\t<p><!-- wp:heading --><\/p>\n<p>Qui\u00e9nes somos<\/p>\n<p><!-- \/wp:heading --><!-- wp:paragraph --><\/p>\n<p>La direcci\u00f3n de nuestra web es: https:\/\/colomosprovidencia.org.mx.<\/p>\n<p><!-- \/wp:paragraph --><!-- wp:heading --><\/p>\n<h2>Comentarios<\/h2>\n<p><!-- \/wp:heading --><!-- wp:paragraph --><\/p>\n<p>Cuando los visitantes dejan comentarios en la web, recopilamos los datos que se muestran en el formulario de comentarios, as\u00ed como la direcci\u00f3n IP del visitante y la cadena de agentes de usuario del navegador para ayudar a la detecci\u00f3n de spam.<\/p>\n<p><!-- \/wp:paragraph --><!-- wp:paragraph --><\/p>\n<p>Una cadena an\u00f3nima creada a partir de tu direcci\u00f3n de correo electr\u00f3nico (tambi\u00e9n llamada hash) puede ser proporcionada al servicio de Gravatar para ver si la est\u00e1s usando. La pol\u00edtica de privacidad del servicio Gravatar est\u00e1 disponible aqu\u00ed: https:\/\/automattic.com\/privacy\/. Despu\u00e9s de la aprobaci\u00f3n de tu comentario, la imagen de tu perfil es visible para el p\u00fablico en el contexto de tu comentario.<\/p>\n<p><!-- \/wp:paragraph --><!-- wp:heading --><\/p>\n<h2>Medios<\/h2>\n<p><!-- \/wp:heading --><!-- wp:paragraph --><\/p>\n<p>Si subes im\u00e1genes a la web, deber\u00edas evitar subir im\u00e1genes con datos de ubicaci\u00f3n (GPS EXIF) incluidos. Los visitantes de la web pueden descargar y extraer cualquier dato de ubicaci\u00f3n de las im\u00e1genes de la web.<\/p>\n<p><!-- \/wp:paragraph --><!-- wp:heading --><\/p>\n<h2>Cookies<\/h2>\n<p><!-- \/wp:heading --><!-- wp:paragraph --><\/p>\n<p>Si dejas un comentario en nuestro sitio puedes elegir guardar tu nombre, direcci\u00f3n de correo electr\u00f3nico y web en cookies. Esto es para tu comodidad, para que no tengas que volver a rellenar tus datos cuando dejes otro comentario. Estas cookies tendr\u00e1n una duraci\u00f3n de un a\u00f1o.<\/p>\n<p><!-- \/wp:paragraph --><!-- wp:paragraph --><\/p>\n<p>Si tienes una cuenta y te conectas a este sitio, instalaremos una cookie temporal para determinar si tu navegador acepta cookies. Esta cookie no contiene datos personales y se elimina al cerrar el navegador.<\/p>\n<p><!-- \/wp:paragraph --><!-- wp:paragraph --><\/p>\n<p>Cuando accedas, tambi\u00e9n instalaremos varias cookies para guardar tu informaci\u00f3n de acceso y tus opciones de visualizaci\u00f3n de pantalla. Las cookies de acceso duran dos d\u00edas, y las cookies de opciones de pantalla duran un a\u00f1o. Si seleccionas \u00abRecu\u00e9rdarme\u00bb, tu acceso perdurar\u00e1 durante dos semanas. Si sales de tu cuenta, las cookies de acceso se eliminar\u00e1n.<\/p>\n<p><!-- \/wp:paragraph --><!-- wp:paragraph --><\/p>\n<p>Si editas o publicas un art\u00edculo se guardar\u00e1 una cookie adicional en tu navegador. Esta cookie no incluye datos personales y simplemente indica el ID del art\u00edculo que acabas de editar. Caduca despu\u00e9s de 1 d\u00eda.<\/p>\n<p><!-- \/wp:paragraph --><!-- wp:heading --><\/p>\n<h2>Contenido incrustado de otros sitios web<\/h2>\n<p><!-- \/wp:heading --><!-- wp:paragraph --><\/p>\n<p>Los art\u00edculos de este sitio pueden incluir contenido incrustado (por ejemplo, v\u00eddeos, im\u00e1genes, art\u00edculos, etc.). El contenido incrustado de otras webs se comporta exactamente de la misma manera que si el visitante hubiera visitado la otra web.<\/p>\n<p><!-- \/wp:paragraph --><!-- wp:paragraph --><\/p>\n<p>Estas web pueden recopilar datos sobre ti, utilizar cookies, incrustar un seguimiento adicional de terceros, y supervisar tu interacci\u00f3n con ese contenido incrustado, incluido el seguimiento de tu interacci\u00f3n con el contenido incrustado si tienes una cuenta y est\u00e1s conectado a esa web.<\/p>\n<p><!-- \/wp:paragraph --><!-- wp:heading --><\/p>\n<h2>Con qui\u00e9n compartimos tus datos<\/h2>\n<p><!-- \/wp:heading --><!-- wp:paragraph --><\/p>\n<p>Si solicitas un restablecimiento de contrase\u00f1a, tu direcci\u00f3n IP ser\u00e1 incluida en el correo electr\u00f3nico de restablecimiento.<\/p>\n<p><!-- \/wp:paragraph --><!-- wp:heading --><\/p>\n<h2>Cu\u00e1nto tiempo conservamos tus datos<\/h2>\n<p><!-- \/wp:heading --><!-- wp:paragraph --><\/p>\n<p>Si dejas un comentario, el comentario y sus metadatos se conservan indefinidamente. Esto es para que podamos reconocer y aprobar comentarios sucesivos autom\u00e1ticamente, en lugar de mantenerlos en una cola de moderaci\u00f3n.<\/p>\n<p><!-- \/wp:paragraph --><!-- wp:paragraph --><\/p>\n<p>De los usuarios que se registran en nuestra web (si los hay), tambi\u00e9n almacenamos la informaci\u00f3n personal que proporcionan en su perfil de usuario. Todos los usuarios pueden ver, editar o eliminar su informaci\u00f3n personal en cualquier momento (excepto que no pueden cambiar su nombre de usuario). Los administradores de la web tambi\u00e9n pueden ver y editar esa informaci\u00f3n.<\/p>\n<p><!-- \/wp:paragraph --><!-- wp:heading --><\/p>\n<h2>Qu\u00e9 derechos tienes sobre tus datos<\/h2>\n<p><!-- \/wp:heading --><!-- wp:paragraph --><\/p>\n<p>Si tienes una cuenta o has dejado comentarios en esta web, puedes solicitar recibir un archivo de exportaci\u00f3n de los datos personales que tenemos sobre ti, incluyendo cualquier dato que nos hayas proporcionado. Tambi\u00e9n puedes solicitar que eliminemos cualquier dato personal que tengamos sobre ti. Esto no incluye ning\u00fan dato que estemos obligados a conservar con fines administrativos, legales o de seguridad.<\/p>\n<p><!-- \/wp:paragraph --><!-- wp:heading --><\/p>\n<h2>D\u00f3nde enviamos tus datos<\/h2>\n<p><!-- \/wp:heading --><!-- wp:paragraph --><\/p>\n<p>Los comentarios de los visitantes puede que los revise un servicio de detecci\u00f3n autom\u00e1tica de spam.<\/p>\n<p>\u00a0<\/p>\n<div style=\"caret-color: #000000; color: #000000; font-style: normal; font-variant-caps: normal; font-weight: normal; letter-spacing: normal; orphans: auto; text-align: start; text-indent: 0px; text-transform: none; white-space: normal; widows: auto; word-spacing: 0px; -webkit-tap-highlight-color: rgba(26, 26, 26, 0.3); -webkit-text-size-adjust: auto; -webkit-text-stroke-width: 0px; text-decoration: none; border-style: none none solid; border-bottom-width: 1pt; border-bottom-color: #d1d1d1; padding: 0cm 0cm 11pt; background-color: white;\">\n<p style=\"margin: 0cm 0cm 11.25pt; line-height: 22.5pt; font-size: 11pt; font-family: Calibri, sans-serif; background-color: white; border: none; padding: 0cm;\"><span style=\"font-size: 21pt; font-family: Helvetica; color: #454545;\">Aviso de privacidad<\/span><\/p>\n<\/div>\n<p><strong>ASOCIACION DE COLONOS DEL FRACCIONAMIENTO COLOMOS PROVIDENCIA, A.C. (En adelante, la asociaci\u00f3n)<\/strong>Legalmente constituida de conformidad con las Leyes mexicanas, con ubicaci\u00f3n en la calle Manaos n\u00famero 3030 del fraccionamiento Colomos Providencia, en el municipio de Guadalajara, Jalisco y como responsable del tratamiento de sus datos personales.<\/p>\n<p><strong>\u00a0<\/strong><\/p>\n<p><strong>Formas y medios de Contacto<\/strong><\/p>\n<p><br \/><strong>V\u00eda telef\u00f3nica:<\/strong>\u00a033 3641 9751<br \/><strong>V\u00eda Electr\u00f3nica:<\/strong> privacidad@colomosprovidencia.org.mx<br \/><strong>Portal internet:<\/strong>\u00a0www.colomosprovidencia.org.mx<\/p>\n<p>De conformidad con lo dispuesto en la Ley Federal de Protecci\u00f3n de Datos Personales en Posesi\u00f3n de los Particulares y en su Reglamento, se hace de su conocimiento que la asociaci\u00f3n es responsable de recabar sus datos personales, del uso que se les d\u00e9 a los mismos y de su protecci\u00f3n.<\/p>\n<p><strong>Finalidad de los datos personales recabados<\/strong><\/p>\n<p><em>Para el caso de asociados y residentes:<\/em><\/p>\n<ul>\n<li>Convocatorias para asambleas y reuniones informativas.<\/li>\n<li>Generaci\u00f3n de recibo electr\u00f3nico que ampara la contraprestaci\u00f3n del mantenimiento y<\/li>\n<li>Realizar el cobro de cuotas de mantenimiento en su modalidad ordinaria, extraordinaria, y<br \/>otras aportaciones.<\/li>\n<li>Registro de cambios de propietarios o poseedores de lotes y casas habitaci\u00f3n del<\/li>\n<li>Registrar los nuevos propietarios de lote o casa habitaci\u00f3n del fraccionamiento.<\/li>\n<li>Todo lo relacionado con la cuesti\u00f3n financiera, facturaci\u00f3n electr\u00f3nica y de cobro.<\/li>\n<li>Integraci\u00f3n de expedientes de asociados.<\/li>\n<li>Dar a conocer avisos sobre el fraccionamiento por parte de la administraci\u00f3n o Junta Directiva.<\/li>\n<li>Actualizaci\u00f3n de base de datos<\/li>\n<\/ul>\n<p>\u00a0<\/p>\n<p>\u00a0<\/p>\n<p><em>Para los proveedores de servicios:<\/em><\/p>\n<ul>\n<li>Contratos de prestaci\u00f3n de servicios<\/li>\n<li>Personal asignado para servicios en el fraccionamiento<\/li>\n<li>Todo lo relacionado con la cuesti\u00f3n financiera, y de pago<\/li>\n<li>Actualizaci\u00f3n de base de datos<\/li>\n<\/ul>\n<p>\u00a0<\/p>\n<p>\u00a0<\/p>\n<p><strong>Para las finalidades antes mencionadas recabamos sus siguientes datos personales:<\/strong><\/p>\n<p>Nombre y\/o Raz\u00f3n Social, Domicilio, Tel\u00e9fono, Correo Electr\u00f3nico, Registro Federal de Contribuyentes (en su caso).<\/p>\n<p><strong>Datos recabados y medios de obtenci\u00f3n de datos personales<\/strong><\/p>\n<p>Los datos personales que obtenemos de usted, con fines descritos en el presente aviso de privacidad, son recabados de manera personal, cuando usted nos los proporciona directamente, por v\u00eda de correo electr\u00f3nico, telef\u00f3nica, y en nuestro portal de internet y cuando obtenemos informaci\u00f3n a trav\u00e9s de otras fuentes que est\u00e1n permitidas por la ley como lo son WhatsApp, telegram, FaceBook u otras similares.<\/p>\n<p><strong>Tratamiento de sus Datos Personales:<\/strong><\/p>\n<p>Recabamos sus datos personales para los efectos mencionados en el presente Aviso de Privacidad. En este sentido, hacemos de su conocimiento que sus datos personales son y ser\u00e1n tratados y resguardados con base en los principios de licitud, calidad, consentimiento, informaci\u00f3n, finalidad, lealtad, proporcionalidad y responsabilidad, consagrados en la Ley Federal de Protecci\u00f3n de Datos Personales en Posesi\u00f3n de Particulares y su Reglamento. (Art\u00edculo 6)<\/p>\n<p><em>Finalidad en el tratamiento de sus datos personales:<\/em><\/p>\n<p><strong>Medios para limitar el uso o divulgaci\u00f3n de sus datos personales:<\/strong><\/p>\n<p>Queda de manifiesto que sus datos personales ser\u00e1n resguardados bajo estrictas medidas de seguridad administrativas, t\u00e9cnicas y f\u00edsicas las cuales han sido implementadas con el objeto de proteger sus datos personales contra da\u00f1o, p\u00e9rdida, alteraci\u00f3n, destrucci\u00f3n o el uso, acceso o tratamiento no autorizados.<\/p>\n<p>Los datos personales \u00fanicamente podr\u00e1n ser transferidos a terceros mediante: consentimiento expreso, por resoluci\u00f3n u orden de autoridad judicial o administrativa y cuando se trate de informaci\u00f3n personal que por disposici\u00f3n\u00a0 legales sea considerada p\u00fablica.<\/p>\n<p><strong>Medios para el ejercicio de sus derechos como titular de los datos personales:<\/strong><\/p>\n<p>Como titular de los datos personales objeto del presente Aviso de Privacidad usted podr\u00e1 ejercitar sus derechos de acceso, rectificaci\u00f3n, cancelaci\u00f3n u oposici\u00f3n (Derechos ARCO), mismos que se consagran en la Ley Federal de Protecci\u00f3n de Datos Personales en Posesi\u00f3n de los Particulares y en su Reglamento.( Art\u00edculos 22 al 35 )<\/p>\n<p><strong>As\u00ed mismo podr\u00e1 revocar el consentimiento otorgado para el uso de sus datos personales.<\/strong><\/p>\n<p>En cualquiera de estos mecanismos, se le atender\u00e1: puede realizar su solicitud personalmente en nuestro domicilio arriba citado, poni\u00e9ndose en contacto en nuestra oficina de colonos, con la asistente\/ vocal \u00a0encargado para tal efecto al \u00a0tel\u00e9fono 33 3641 9751, mediante el env\u00edo de un correo electr\u00f3nico o visitar nuestra p\u00e1gina de internet.<\/p>\n<p>Con la finalidad de poder atender su solicitud, \u00e9sta deber\u00e1 satisfacer todos los requisitos estipulados en la Ley Federal de Protecci\u00f3n de Datos Personales en Posesi\u00f3n de los particulares y en su Reglamento.<\/p>\n<p><strong>Cambios al presente Aviso de Privacidad:<\/strong><\/p>\n<p>El presente Aviso de Privacidad podr\u00e1 ser actualizado en el futuro. En todo caso, cualquier modificaci\u00f3n al mismo se har\u00e1 de su conocimiento mediante el env\u00edo de un correo electr\u00f3nico a la cuenta que usted nos proporcion\u00f3 inicialmente; o podr\u00e1 ser de su conocimiento mediante la publicaci\u00f3n del mismo en los medios electr\u00f3nicos antes citados.<\/p>\n<p>No incurrimos en responsabilidad en caso de que usted no reciba la referida notificaci\u00f3n de cambio en el Aviso de Privacidad por causa de alg\u00fan problema con su cuenta de correo electr\u00f3nico o de transmisi\u00f3n de datos por internet.<\/p>\n<p>Sin embargo, por su seguridad, el Aviso de Privacidad vigente estar\u00e1 disponible en todo momento en la p\u00e1gina web antes se\u00f1alada.<\/p>\n<p>\u00a0<\/p>\n<p>A t e n t a m e n t e<br \/>ASOCIACION DE COLONOS DEL FRACCIONAMIENTO COLOMOS PROVIDENCIA, A.C.<\/p>\n<p><!-- \/wp:paragraph --><\/p>\n<p><style>\n<!-- \/* Style Definitions *\/ p.MsoNormal, li.MsoNormal, div.MsoNormal {mso-style-unhide:no; mso-style-qformat:yes; mso-style-parent:\"\"; margin-top:0cm; margin-right:0cm; margin-bottom:8.0pt; margin-left:0cm; line-height:107%; mso-pagination:widow-orphan; font-size:11.0pt; font-family:\"Calibri\",sans-serif; mso-ascii-font-family:Calibri; mso-ascii-theme-font:minor-latin; mso-fareast-font-family:Calibri; mso-fareast-theme-font:minor-latin; mso-hansi-font-family:Calibri; mso-hansi-theme-font:minor-latin; mso-bidi-font-family:\"Times New Roman\"; mso-bidi-theme-font:minor-bidi; mso-fareast-language:EN-US;} .MsoChpDefault {mso-style-type:export-only; mso-default-props:yes; font-family:\"Calibri\",sans-serif; mso-ascii-font-family:Calibri; mso-ascii-theme-font:minor-latin; mso-fareast-font-family:Calibri; mso-fareast-theme-font:minor-latin; mso-hansi-font-family:Calibri; mso-hansi-theme-font:minor-latin; mso-bidi-font-family:\"Times New Roman\"; mso-bidi-theme-font:minor-bidi; mso-fareast-language:EN-US;} .MsoPapDefault {mso-style-type:export-only; margin-bottom:8.0pt; line-height:107%;} @page WordSection1 {size:612.0pt 792.0pt; margin:70.85pt 3.0cm 70.85pt 3.0cm; mso-header-margin:36.0pt; mso-footer-margin:36.0pt; mso-paper-source:0;} div.WordSection1 {page:WordSection1;} \/* List Definitions *\/ @list l0 {mso-list-id:378170983; mso-list-template-ids:1159653726;} @list l0:level1 {mso-level-number-format:bullet; mso-level-text:\uf0b7; mso-level-tab-stop:36.0pt; mso-level-number-position:left; text-indent:-18.0pt; mso-ansi-font-size:10.0pt; font-family:Symbol;} @list l0:level2 {mso-level-number-format:bullet; mso-level-text:o; mso-level-tab-stop:72.0pt; mso-level-number-position:left; text-indent:-18.0pt; mso-ansi-font-size:10.0pt; font-family:\"Courier New\"; mso-bidi-font-family:\"Times New Roman\";} @list l0:level3 {mso-level-number-format:bullet; mso-level-text:\uf0a7; mso-level-tab-stop:108.0pt; mso-level-number-position:left; text-indent:-18.0pt; mso-ansi-font-size:10.0pt; font-family:Wingdings;} @list l0:level4 {mso-level-number-format:bullet; mso-level-text:\uf0a7; mso-level-tab-stop:144.0pt; mso-level-number-position:left; text-indent:-18.0pt; mso-ansi-font-size:10.0pt; font-family:Wingdings;} @list l0:level5 {mso-level-number-format:bullet; mso-level-text:\uf0a7; mso-level-tab-stop:180.0pt; mso-level-number-position:left; text-indent:-18.0pt; mso-ansi-font-size:10.0pt; font-family:Wingdings;} @list l0:level6 {mso-level-number-format:bullet; mso-level-text:\uf0a7; mso-level-tab-stop:216.0pt; mso-level-number-position:left; text-indent:-18.0pt; mso-ansi-font-size:10.0pt; font-family:Wingdings;} @list l0:level7 {mso-level-number-format:bullet; mso-level-text:\uf0a7; mso-level-tab-stop:252.0pt; mso-level-number-position:left; text-indent:-18.0pt; mso-ansi-font-size:10.0pt; font-family:Wingdings;} @list l0:level8 {mso-level-number-format:bullet; mso-level-text:\uf0a7; mso-level-tab-stop:288.0pt; mso-level-number-position:left; text-indent:-18.0pt; mso-ansi-font-size:10.0pt; font-family:Wingdings;} @list l0:level9 {mso-level-number-format:bullet; mso-level-text:\uf0a7; mso-level-tab-stop:324.0pt; mso-level-number-position:left; text-indent:-18.0pt; mso-ansi-font-size:10.0pt; font-family:Wingdings;} @list l1 {mso-list-id:1982728666; mso-list-template-ids:-2025156088;} @list l1:level1 {mso-level-number-format:bullet; mso-level-text:\uf0b7; mso-level-tab-stop:36.0pt; mso-level-number-position:left; text-indent:-18.0pt; mso-ansi-font-size:10.0pt; font-family:Symbol;} @list l1:level2 {mso-level-number-format:roman-upper; mso-level-tab-stop:none; mso-level-number-position:left; margin-left:90.0pt; text-indent:-36.0pt;} @list l1:level3 {mso-level-number-format:bullet; mso-level-text:\uf0a7; mso-level-tab-stop:108.0pt; mso-level-number-position:left; text-indent:-18.0pt; mso-ansi-font-size:10.0pt; font-family:Wingdings;} @list l1:level4 {mso-level-number-format:bullet; mso-level-text:\uf0a7; mso-level-tab-stop:144.0pt; mso-level-number-position:left; text-indent:-18.0pt; mso-ansi-font-size:10.0pt; font-family:Wingdings;} @list l1:level5 {mso-level-number-format:bullet; mso-level-text:\uf0a7; mso-level-tab-stop:180.0pt; mso-level-number-position:left; text-indent:-18.0pt; mso-ansi-font-size:10.0pt; font-family:Wingdings;} @list l1:level6 {mso-level-number-format:bullet; mso-level-text:\uf0a7; mso-level-tab-stop:216.0pt; mso-level-number-position:left; text-indent:-18.0pt; mso-ansi-font-size:10.0pt; font-family:Wingdings;} @list l1:level7 {mso-level-number-format:bullet; mso-level-text:\uf0a7; mso-level-tab-stop:252.0pt; mso-level-number-position:left; text-indent:-18.0pt; mso-ansi-font-size:10.0pt; font-family:Wingdings;} @list l1:level8 {mso-level-number-format:bullet; mso-level-text:\uf0a7; mso-level-tab-stop:288.0pt; mso-level-number-position:left; text-indent:-18.0pt; mso-ansi-font-size:10.0pt; font-family:Wingdings;} @list l1:level9 {mso-level-number-format:bullet; mso-level-text:\uf0a7; mso-level-tab-stop:324.0pt; mso-level-number-position:left; text-indent:-18.0pt; mso-ansi-font-size:10.0pt; font-family:Wingdings;} --><br \/>\n<\/style><\/p>\t\t\t\t\t\t<\/div>\n\t\t\t\t<\/div>\n\t\t\t\t\t<\/div>\n\t\t<\/div>\n\t\t\t\t\t\t\t<\/div>\n\t\t<\/section>\n\t\t\t\t\t\t<\/div>\n\t\t\t\t\t<\/div>\n\t\t","protected":false},"excerpt":{"rendered":"<p>Qui\u00e9nes somos La direcci\u00f3n de nuestra web es: https:\/\/colomosprovidencia.org.mx. Comentarios Cuando los visitantes dejan comentarios en la web, recopilamos los datos que se muestran en el formulario de comentarios, as\u00ed como la direcci\u00f3n IP del visitante y la cadena de agentes de usuario del navegador para ayudar a la detecci\u00f3n de spam. Una cadena an\u00f3nima&#8230;<\/p>\n","protected":false},"author":1,"featured_media":0,"parent":0,"menu_order":0,"comment_status":"closed","ping_status":"closed","template":"","meta":{"footnotes":""},"class_list":["post-3","page","type-page","status-publish","hentry"],"_links":{"self":[{"href":"https:\/\/colomosprovidencia.org.mx\/index.php?rest_route=\/wp\/v2\/pages\/3","targetHints":{"allow":["GET"]}}],"collection":[{"href":"https:\/\/colomosprovidencia.org.mx\/index.php?rest_route=\/wp\/v2\/pages"}],"about":[{"href":"https:\/\/colomosprovidencia.org.mx\/index.php?rest_route=\/wp\/v2\/types\/page"}],"author":[{"embeddable":true,"href":"https:\/\/colomosprovidencia.org.mx\/index.php?rest_route=\/wp\/v2\/users\/1"}],"replies":[{"embeddable":true,"href":"https:\/\/colomosprovidencia.org.mx\/index.php?rest_route=%2Fwp%2Fv2%2Fcomments&post=3"}],"version-history":[{"count":3,"href":"https:\/\/colomosprovidencia.org.mx\/index.php?rest_route=\/wp\/v2\/pages\/3\/revisions"}],"predecessor-version":[{"id":197,"href":"https:\/\/colomosprovidencia.org.mx\/index.php?rest_route=\/wp\/v2\/pages\/3\/revisions\/197"}],"wp:attachment":[{"href":"https:\/\/colomosprovidencia.org.mx\/index.php?rest_route=%2Fwp%2Fv2%2Fmedia&parent=3"}],"curies":[{"name":"wp","href":"https:\/\/api.w.org\/{rel}","templated":true}]}}