{"id":12,"date":"2021-07-25T18:35:50","date_gmt":"2021-07-25T18:35:50","guid":{"rendered":"https:\/\/colomosprovidencia.org.mx\/?page_id=12"},"modified":"2021-07-25T19:16:40","modified_gmt":"2021-07-25T19:16:40","slug":"acerca-de","status":"publish","type":"page","link":"https:\/\/colomosprovidencia.org.mx\/?page_id=12","title":{"rendered":"Acerca de"},"content":{"rendered":"\t\t<div data-elementor-type=\"wp-page\" data-elementor-id=\"12\" class=\"elementor elementor-12\" data-elementor-settings=\"[]\">\n\t\t\t\t\t\t\t<div class=\"elementor-section-wrap\">\n\t\t\t\t\t\t\t<section class=\"elementor-section elementor-top-section elementor-element elementor-element-1d2a7855 elementor-section-boxed elementor-section-height-default elementor-section-height-default\" data-id=\"1d2a7855\" data-element_type=\"section\">\n\t\t\t\t\t\t<div class=\"elementor-container elementor-column-gap-default\">\n\t\t\t\t\t<div class=\"elementor-column elementor-col-100 elementor-top-column elementor-element elementor-element-7b60ca65\" data-id=\"7b60ca65\" data-element_type=\"column\">\n\t\t\t<div class=\"elementor-widget-wrap elementor-element-populated\">\n\t\t\t\t\t\t\t\t<div class=\"elementor-element elementor-element-2b2e7f73 elementor-widget elementor-widget-text-editor\" data-id=\"2b2e7f73\" data-element_type=\"widget\" data-widget_type=\"text-editor.default\">\n\t\t\t\t<div class=\"elementor-widget-container\">\n\t\t\t\t\t\t\t\t<p><!-- wp:paragraph --><\/p>\n<h2>\u00bfQu\u00e9 es una asociaci\u00f3n civil?<\/h2>\n<p style=\"text-align: justify;\">Es una\u00a0<strong>persona jur\u00eddica que est\u00e1 constituida por un grupo variado de personas\u00a0<\/strong><b>f\u00edsicas<\/b>, las cuales ser\u00edan los asociados, y que han recibido del <b>gobierno las <\/b>autorizaciones para\u00a0<strong>poder<\/strong> realizar en conjunto, actividades para el beneficio general de una comunidad.<\/p>\n<p style=\"text-align: justify;\">Una asociaci\u00f3n civil se rige por sus estatutos, los cuales se incluyen en el acta constitutiva y son ciertas reglas acordadas entre quienes constituyen la organizaci\u00f3n. La asociaci\u00f3n est\u00e1 encabezada por la Asamblea General, con un director o directores que tendr\u00e1n las facultades que les otorguen los estatutos.\u00a0<\/p>\n<p style=\"text-align: justify;\"><b>Presidente<\/b>: Es el l\u00edder real de la organizaci\u00f3n y su tarea principal es inspirar y motivar a los miembros de la organizaci\u00f3n a cumplir con el objeto social. El presidente es frecuentemente quien representa a la organizaci\u00f3n ante la sociedad y debe estar atento a las impresiones de la sociedad sobre las actividades que realiza la organizaci\u00f3n. Puede contar con vicepresidentes si sus facultades son muy amplias, y cuenta con voto de calidad en estas reuniones.\u00a0<\/p>\n<p style=\"text-align: justify;\"><b>Secretario<\/b>: Es responsable de mantener los documentos y actas legales de la organizaci\u00f3n al momento de crearla y de dar seguimiento a los miembros y a los acuerdos tomados en las asambleas mediante minutas. Tambi\u00e9n es responsable de mantener informados a los miembros de la organizaci\u00f3n sobre estos asuntos.<\/p>\n<p style=\"text-align: justify;\"><b>Tesorero:<\/b> Es uno de los puestos m\u00e1s importantes en la Junta Directiva. La mayor\u00eda de las asociaciones emplean a una empresa para realizar la contabilidad, pero es responsabilidad del tesorero asegurarse que estos registros financieros sean adecuadamente llevados.\u00a0 El puesto de tesorero es por lo general visto como el segundo rol que consume m\u00e1s tiempo en un comit\u00e9 de direcciones de una asociaci\u00f3n.<\/p>\n<p style=\"text-align: justify;\">\u00a0<\/p>\n<p style=\"text-align: justify;\">\u00a0<\/p>\n<p style=\"text-align: justify;\">\u00a0<\/p>\n<p><!-- \/wp:paragraph --><\/p>\t\t\t\t\t\t<\/div>\n\t\t\t\t<\/div>\n\t\t\t\t\t<\/div>\n\t\t<\/div>\n\t\t\t\t\t\t\t<\/div>\n\t\t<\/section>\n\t\t\t\t\t\t<\/div>\n\t\t\t\t\t<\/div>\n\t\t","protected":false},"excerpt":{"rendered":"<p>\u00bfQu\u00e9 es una asociaci\u00f3n civil? Es una\u00a0persona jur\u00eddica que est\u00e1 constituida por un grupo variado de personas\u00a0f\u00edsicas, las cuales ser\u00edan los asociados, y que han recibido del gobierno las autorizaciones para\u00a0poder realizar en conjunto, actividades para el beneficio general de una comunidad. Una asociaci\u00f3n civil se rige por sus estatutos, los cuales se incluyen en&#8230;<\/p>\n","protected":false},"author":1,"featured_media":0,"parent":0,"menu_order":0,"comment_status":"closed","ping_status":"closed","template":"","meta":{"footnotes":""},"class_list":["post-12","page","type-page","status-publish","hentry"],"_links":{"self":[{"href":"https:\/\/colomosprovidencia.org.mx\/index.php?rest_route=\/wp\/v2\/pages\/12","targetHints":{"allow":["GET"]}}],"collection":[{"href":"https:\/\/colomosprovidencia.org.mx\/index.php?rest_route=\/wp\/v2\/pages"}],"about":[{"href":"https:\/\/colomosprovidencia.org.mx\/index.php?rest_route=\/wp\/v2\/types\/page"}],"author":[{"embeddable":true,"href":"https:\/\/colomosprovidencia.org.mx\/index.php?rest_route=\/wp\/v2\/users\/1"}],"replies":[{"embeddable":true,"href":"https:\/\/colomosprovidencia.org.mx\/index.php?rest_route=%2Fwp%2Fv2%2Fcomments&post=12"}],"version-history":[{"count":16,"href":"https:\/\/colomosprovidencia.org.mx\/index.php?rest_route=\/wp\/v2\/pages\/12\/revisions"}],"predecessor-version":[{"id":47,"href":"https:\/\/colomosprovidencia.org.mx\/index.php?rest_route=\/wp\/v2\/pages\/12\/revisions\/47"}],"wp:attachment":[{"href":"https:\/\/colomosprovidencia.org.mx\/index.php?rest_route=%2Fwp%2Fv2%2Fmedia&parent=12"}],"curies":[{"name":"wp","href":"https:\/\/api.w.org\/{rel}","templated":true}]}}